{"id":3,"date":"2018-12-21T04:14:17","date_gmt":"2018-12-21T04:14:17","guid":{"rendered":"https:\/\/meetthelocals.si\/?page_id=3"},"modified":"2022-01-10T14:47:49","modified_gmt":"2022-01-10T13:47:49","slug":"politika-zasebnosti","status":"publish","type":"page","link":"https:\/\/meetthelocals.si\/sl\/politika-zasebnosti\/","title":{"rendered":"Politika zasebnosti"},"content":{"rendered":"\r\n<h3 class=\"policy-title mt-6\">Splo\u0161no<\/h3>\r\n<p class=\"my-3\">Upravljavec osebnih podatkov je Meet the locals:<\/p>\r\n<p class=\"my-3\">Kefer \u2013 trgovin in storitve<br \/>Mateja Kefer s.p.<br \/>Ulica oktobrske revolucije 27d, 6310 Izola\/Isola<br \/>Slovenija<br \/>ID za DDV: SI95933280<br \/>Mati\u010dna \u0161tevilka: 6641130000 <br \/>Banka: DELAVSKA HRANILNICA, Miklo\u0161i\u010deva 5, 1000 Ljubljana<br \/>TRR: SI56 6100 0000 7585 220 <br \/>SWIFT: HDELSI22<\/p>\r\n<p class=\"my-3\">\u00a0V skladu zagotavljanja ustrezne varnosti osebnih podatkov posameznikov, ki jih obdelujemo na na\u0161i spletni strani smo uvedli tehni\u010dne in organizacijske ukrepe za za\u0161\u010dito osebnih podatkov.<\/p>\r\n<h4 class=\"policy-title mt-6\">2. Zbiranje in uporaba osebnih podatkov<\/h4>\r\n<p class=\"my-3\">Osebni podatki pomenijo katerokoli informacijo, ki lahko dolo\u010di posameznika. Med osebne podatke spadajo na primer va\u0161e ime, elektronski naslov, naslov bivali\u0161\u010da, zaposlitev, rojstni datum in podobno. Meet the locals zbira na spletni strani www.meetthelocals.si samo osebne podatke, ki ste jih sami posredovali in je tako upravljalec naslednjih zbirk osebnih podatkov:<\/p>\r\n<p class=\"my-3\">\u2013 Evidenca posameznikov, ki so izpolnili kontaktni obrazec ali nas kontaktirali preko e-maila<\/p>\r\n<p class=\"my-3\">Va\u0161e osebne podatke hranimo, uporabljamo oziroma prena\u0161amo samo v skladu s posameznikovo privolitvijo in\/ali za izvedbo storitve v skladu z naro\u010dilom oziroma \u017eeljo stranke. V kolikor ni z zakonom dolo\u010deno druga\u010de, imate mo\u017enost kadar koli pogledati, spremeniti ali izbrisati va\u0161e podatke, ki jih obdelujemo.<\/p>\r\n<p class=\"my-3\">Meet the locals ne posreduje va\u0161ih podatkov drugim podjetjem ali osebam, razen v izrednih primerih in v omejenem obsegu. Tukaj gre na primer za vzdr\u017eevalce spletne strani, s katerimi pa ima podjetje sklenjeno pogodbo o obdelavi osebnih podatkov, ki te podobdelovalce zavezuje k uvedbi tehni\u010dnih in organizacijskih ukrepov za varovanje osebnih podatkov. Osebnih podatkov ne posreduje v tretje dr\u017eave in zagotavlja, da va\u0161ih osebnih podatkov ne bo prodal ali dal v najem tretjim osebam. Kljub temu si pridr\u017eujemo pravico, da va\u0161e podatke razkrijemo, \u010de to od nas zahteva zakon ali kot odgovor na izvr\u0161ljive vladne zahteve.<\/p>\r\n<h5 class=\"policy-title mt-6\">2.1 Evidenca posameznikov, ki so izpolnijo kontaktni obrazec<\/h5>\r\n<p class=\"my-3\">Pravna podlaga<\/p>\r\n<p class=\"my-3\">V primeru, da izpolnite kontaktni obrazec na na\u0161i spletni strani www.meetthelocals.si ali nam po\u0161ljete e-mail bomo zbrali in obdelovali va\u0161e podatke na podlagi va\u0161ega zakonitega interesa, ki je tudi na\u0161a pravna podlaga za obdelovanje osebnih podatkov v tem primeru. Podajanje odgovora na va\u0161e vpra\u0161anje oziroma izpolnitev va\u0161ega zahtevka je edini namen za katerega zbiramo osebne podatke v tej evidenci. Podatki zbrani v tej evidenci so Ime in priimek, E-mail in va\u0161e Sporo\u010dilo.<\/p>\r\n<p class=\"my-3\">Trajanje hrambe<\/p>\r\n<p class=\"my-3\">Va\u0161e podatke iz te evidence bomo hranili zgolj toliko \u010dasa, da izpolnimo namen obdelavo oziroma najve\u010d 6 mesecev. Po tem obdobju bodo podatki trajno izbrisani oziroma uni\u010deni.<\/p>\r\n<h5 class=\"policy-title mt-6\">2.2 Pravice posameznikov<\/h5>\r\n<p class=\"my-3\">Posameznik lahko uveljavlja dolo\u010dene pravice v zvezi z osebnimi podatki, ki jih obdelujemo. Zahtevek za uveljavljanje pravic mora posameznik posredovati na elektronski naslov: info@meetthelocals.si. Pravica do vpogleda \u2013 posameznika na njegovo zahtevo seznanimo, ali se v zvezi z njim obdelujejo osebni podatki in kadar to dr\u017ei, posredujemo informacije o kategorijah osebnih podatkov, ki jih obdelujemo, pravicami, ki posamezniku pripadajo ter druge informacije, ki bi morda zanimale posameznika.<\/p>\r\n<p class=\"my-3\">Pravica do popravka \u2013 posameznik, ki ugotovi, da so podatki, ki nam jih je posredoval in jih obdelujemo nepravilni, lahko zaprosi za popravek podatkov.<\/p>\r\n<p class=\"my-3\">Pravica do omejitve obdelave \u2013 Posameznik lahko v primeru obdelave podatkov na podlagi zakonitega interesa zahteva, da se obdelava podatkov, ki se nana\u0161ajo nanj omeji, kadar kupec meni, da je obdelava nezakonita, pa kupec ne \u017eeli, da podatke izbri\u0161emo ali je kupec vlo\u017eil zahtevo za popravek podatkov.<\/p>\r\n<p class=\"my-3\">Pravica do prenosljivosti podatkov \u2013 Posameznik lahko v primeru obdelave na podlagi privolitve ali pogodbe zahteva izpis podatkov, ki jih je posredoval podjetju in tiste, ki so nastali z opravljanjem nakupov preko spletne trgovine. Podjetje bo podatke pripravilo v \u010ditljivi obliki in posredovalo posamezniku.<\/p>\r\n<p class=\"my-3\">Pravica do izbrisa \u2013 V primeru, da so bili podatki zbrani na podlagi privolitve lahko posameznik zahteva izbris podatkov iz evidence.<\/p>\r\n<h5 class=\"policy-title mt-6\">2.3 Pi\u0161kotki<\/h5>\r\n<p class=\"my-3\">Ta spletna stran vsebuje pi\u0161kotke. <a href=\"https:\/\/meetthelocals.si\/piskotki\/\">Ve\u010d o pi\u0161kotkih.<\/a><\/p>\r\n<h5 class=\"policy-title mt-6\">2.4 Kontaktni podatki<\/h5>\r\n<p class=\"my-3\">Vse informacije glede obdelave osebnih podatkov lahko pridobite preko elektronskega naslova: info@meetthelocals.si.<\/p>\r\n<h5 class=\"policy-title mt-6\">2.5 Veljavnost politike<\/h5>\r\n<p class=\"mt-3\">Posamezne dele izjave o varovanju podatkov lahko kadar koli in brez predhodnega obvestila spremenimo ali posodobimo. Prosimo, da politiko ob\u010dasno preberete, da se seznanite z morebitnimi spremembami ali posodobitvami. Ta politika je objavljena na www.contxt.si in je bila zadnji\u010d posodobljena dne 1. December 2021.<\/p>\r\n","protected":false},"excerpt":{"rendered":"<p>Splo\u0161no Upravljavec osebnih podatkov je Meet the locals: Kefer \u2013 trgovin in storitveMateja Kefer s.p.Ulica oktobrske revolucije 27d, 6310 Izola\/IsolaSlovenijaID za DDV: SI95933280Mati\u010dna \u0161tevilka: 6641130000 Banka: DELAVSKA HRANILNICA, Miklo\u0161i\u010deva 5, 1000 LjubljanaTRR: SI56 6100 0000 7585 220 SWIFT: HDELSI22 \u00a0V skladu zagotavljanja ustrezne varnosti osebnih podatkov posameznikov, ki jih obdelujemo na na\u0161i spletni strani smo uvedli tehni\u010dne in organizacijske ukrepe za za\u0161\u010dito osebnih podatkov. 2. Zbiranje in uporaba osebnih podatkov Osebni podatki pomenijo katerokoli informacijo, ki lahko dolo\u010di posameznika. Med osebne podatke spadajo na primer va\u0161e ime, elektronski naslov, naslov bivali\u0161\u010da, zaposlitev, rojstni datum in podobno. Meet the locals zbira na spletni strani www.meetthelocals.si samo osebne podatke, ki ste jih sami posredovali in je tako upravljalec naslednjih zbirk osebnih podatkov: \u2013 Evidenca posameznikov, ki so izpolnili kontaktni obrazec ali nas kontaktirali preko e-maila Va\u0161e osebne podatke hranimo, uporabljamo oziroma prena\u0161amo samo v skladu s posameznikovo privolitvijo in\/ali za izvedbo storitve v skladu z naro\u010dilom oziroma \u017eeljo stranke. V kolikor ni z zakonom dolo\u010deno druga\u010de, imate mo\u017enost kadar koli pogledati, spremeniti ali izbrisati va\u0161e podatke, ki jih obdelujemo. Meet the locals ne posreduje va\u0161ih podatkov drugim podjetjem ali osebam, razen v izrednih primerih in v omejenem obsegu. Tukaj gre na primer za vzdr\u017eevalce spletne strani, s katerimi pa ima podjetje sklenjeno pogodbo o obdelavi osebnih podatkov, ki te podobdelovalce zavezuje k uvedbi tehni\u010dnih in organizacijskih ukrepov za varovanje osebnih podatkov. Osebnih podatkov ne posreduje v tretje dr\u017eave in zagotavlja, da va\u0161ih osebnih podatkov ne bo prodal ali dal v najem tretjim osebam. Kljub temu si pridr\u017eujemo pravico, da va\u0161e podatke razkrijemo, \u010de to od nas zahteva zakon ali kot odgovor na izvr\u0161ljive vladne zahteve. 2.1 Evidenca posameznikov, ki so izpolnijo kontaktni obrazec Pravna podlaga V primeru, da izpolnite kontaktni obrazec na na\u0161i spletni strani www.meetthelocals.si ali nam po\u0161ljete e-mail bomo zbrali in obdelovali va\u0161e podatke na podlagi va\u0161ega zakonitega interesa, ki je tudi na\u0161a pravna podlaga za obdelovanje osebnih podatkov v tem primeru. Podajanje odgovora na va\u0161e vpra\u0161anje oziroma izpolnitev va\u0161ega zahtevka je edini namen za katerega zbiramo osebne podatke v tej evidenci. Podatki zbrani v tej evidenci so Ime in priimek, E-mail in va\u0161e Sporo\u010dilo. Trajanje hrambe Va\u0161e podatke iz te evidence bomo hranili zgolj toliko \u010dasa, da izpolnimo namen obdelavo oziroma najve\u010d 6 mesecev. Po tem obdobju bodo podatki trajno izbrisani oziroma uni\u010deni. 2.2 Pravice posameznikov Posameznik lahko uveljavlja dolo\u010dene pravice v zvezi z osebnimi podatki, ki jih obdelujemo. Zahtevek za uveljavljanje pravic mora posameznik posredovati na elektronski naslov: info@meetthelocals.si. Pravica do vpogleda \u2013 posameznika na njegovo zahtevo seznanimo, ali se v zvezi z njim obdelujejo osebni podatki in kadar to dr\u017ei, posredujemo informacije o kategorijah osebnih podatkov, ki jih obdelujemo, pravicami, ki posamezniku pripadajo ter druge informacije, ki bi morda zanimale posameznika. Pravica do popravka \u2013 posameznik, ki ugotovi, da so podatki, ki nam jih je posredoval in jih obdelujemo nepravilni, lahko zaprosi za popravek podatkov. Pravica do omejitve obdelave \u2013 Posameznik lahko v primeru obdelave podatkov na podlagi zakonitega interesa zahteva, da se obdelava podatkov, ki se nana\u0161ajo nanj omeji, kadar kupec meni, da je obdelava nezakonita, pa kupec ne \u017eeli, da podatke izbri\u0161emo ali je kupec vlo\u017eil zahtevo za popravek podatkov. Pravica do prenosljivosti podatkov \u2013 Posameznik lahko v primeru obdelave na podlagi privolitve ali pogodbe zahteva izpis podatkov, ki jih je posredoval podjetju in tiste, ki so nastali z opravljanjem nakupov preko spletne trgovine. Podjetje bo podatke pripravilo v \u010ditljivi obliki in posredovalo posamezniku. Pravica do izbrisa \u2013 V primeru, da so bili podatki zbrani na podlagi privolitve lahko posameznik zahteva izbris podatkov iz evidence. 2.3 Pi\u0161kotki Ta spletna stran vsebuje pi\u0161kotke. Ve\u010d o pi\u0161kotkih. 2.4 Kontaktni podatki Vse informacije glede obdelave osebnih podatkov lahko pridobite preko elektronskega naslova: info@meetthelocals.si. 2.5 Veljavnost politike Posamezne dele izjave o varovanju podatkov lahko kadar koli in brez predhodnega obvestila spremenimo ali posodobimo. Prosimo, da politiko ob\u010dasno preberete, da se seznanite z morebitnimi spremembami ali posodobitvami. Ta politika je objavljena na www.contxt.si in je bila zadnji\u010d posodobljena dne 1. December 2021.<\/p>\n","protected":false},"author":1,"featured_media":0,"parent":0,"menu_order":0,"comment_status":"closed","ping_status":"open","template":"","meta":[],"_links":{"self":[{"href":"https:\/\/meetthelocals.si\/sl\/wp-json\/wp\/v2\/pages\/3"}],"collection":[{"href":"https:\/\/meetthelocals.si\/sl\/wp-json\/wp\/v2\/pages"}],"about":[{"href":"https:\/\/meetthelocals.si\/sl\/wp-json\/wp\/v2\/types\/page"}],"author":[{"embeddable":true,"href":"https:\/\/meetthelocals.si\/sl\/wp-json\/wp\/v2\/users\/1"}],"replies":[{"embeddable":true,"href":"https:\/\/meetthelocals.si\/sl\/wp-json\/wp\/v2\/comments?post=3"}],"version-history":[{"count":5,"href":"https:\/\/meetthelocals.si\/sl\/wp-json\/wp\/v2\/pages\/3\/revisions"}],"predecessor-version":[{"id":4041,"href":"https:\/\/meetthelocals.si\/sl\/wp-json\/wp\/v2\/pages\/3\/revisions\/4041"}],"wp:attachment":[{"href":"https:\/\/meetthelocals.si\/sl\/wp-json\/wp\/v2\/media?parent=3"}],"curies":[{"name":"wp","href":"https:\/\/api.w.org\/{rel}","templated":true}]}}