{"id":2759,"date":"2021-11-21T17:51:29","date_gmt":"2021-11-21T16:51:29","guid":{"rendered":"https:\/\/meetthelocals.si\/?page_id=2759"},"modified":"2022-01-10T14:51:12","modified_gmt":"2022-01-10T13:51:12","slug":"piskotki","status":"publish","type":"page","link":"https:\/\/meetthelocals.si\/sl\/piskotki\/","title":{"rendered":"Pi\u0161kotki"},"content":{"rendered":"<h4><strong>Kaj so pi\u0161kotki in zakaj so potrebni?<\/strong><\/h4>\n<p>Pi\u0161kotek je kratko besedilo, ki ga spletno mesto ob va\u0161em obisku na\u0161e strani po\u0161lje brskalniku. Tako vas spletna stran prepozna, si z njim zapomni podatke o va\u0161em obisku, prijavi in druge nastavitve. Zato je va\u0161 naslednji obisk spletne strani bolj prijazen in la\u017eji. Pi\u0161kotki imajo pomembno vlogo, uporaba spleta bi brez njih bila manj prijetna.<\/p>\n<p>S pomo\u010djo pi\u0161kotkov prilagajamo vsebino na\u0161e strani, bele\u017eimo obisk strani, \u0161tejemo, koliko obiskovalcev ima posamezna stran, varujemo va\u0161e podatke in si zapomnimo va\u0161e preference in nastavitve. Brskanje po na\u0161i strani je s pi\u0161kotki prijetnej\u0161e, hitrej\u0161e in predvsem u\u010dinkovitej\u0161e.<\/p>\n<h4><strong>Vrste pi\u0161kotkov, ki jih uporabljamo<\/strong><\/h4>\n<p>V va\u0161em brskalniku so lahko shranjeni nekateri od pi\u0161kotkov, opisanih spodaj, ali vse vrste pi\u0161kotkov.<\/p>\n<p>&nbsp;<\/p>\n<table>\n<tbody>\n<tr>\n<td width=\"151\"><strong>Ime pi\u0161kotka<\/strong><\/td>\n<td width=\"151\"><strong>Namen<\/strong><\/td>\n<td width=\"151\"><strong>\u010cas pi\u0161kotka<\/strong><\/td>\n<td width=\"151\"><strong>Vir<\/strong><\/td>\n<\/tr>\n<tr>\n<td width=\"151\"><strong>pll_language<\/strong><\/td>\n<td width=\"151\">Ta pi\u0161kotek je nastavljen s strani Polyland vti\u010dnika, ki si shrani preferenco uporabnika glede jezika spletne strani.<\/td>\n<td width=\"151\">1 leto<\/td>\n<td width=\"151\">Funkcijski<\/td>\n<\/tr>\n<tr>\n<td width=\"151\"><b data-stringify-type=\"bold\">cookielawinfo-checkbox-necessary<\/b><\/td>\n<td width=\"151\">Ta pi\u0161kotek nastavi vti\u010dnik GDPR Cookie Consent. Pi\u0161kotek se uporabljajo za shranjevanje soglasja uporabnika za pi\u0161kotke v kategoriji \u201cnujni\u201d.<\/td>\n<td width=\"151\">1 leto<\/td>\n<td width=\"151\">0<\/td>\n<\/tr>\n<tr>\n<td width=\"151\"><b data-stringify-type=\"bold\">cookielawinfo-checkbox-non-necessary\u00a0<\/b><\/td>\n<td width=\"151\">Ta pi\u0161kotek nastavi vti\u010dnik GDPR Cookie Consent. Pi\u0161kotek se uporabljajo za shranjevanje soglasja uporabnika za pi\u0161kotke v kategoriji \u201cne-nujni\u201d.<\/td>\n<td width=\"151\">1 leto<\/td>\n<td width=\"151\">0<\/td>\n<\/tr>\n<\/tbody>\n<\/table>\n<p><strong>\u00a0<\/strong><\/p>\n<h4><strong>Nastavitve pi\u0161kotkov<\/strong><\/h4>\n<p>Vsak uporabnik ima popoln nadzor nad pi\u0161kotki in vedno lahko tako sam odlo\u010di, ali bo dovolil shranjevanje pi\u0161kotkov na svoji napravi.<\/p>\n<p><strong>Preference uporab pi\u0161kotkov lahko nastavite tudi v va\u0161em izbranem brskalniku.<\/strong><\/p>\n<p><a href=\"http:\/\/windows.microsoft.com\/sl-si\/windows-vista\/cookies-frequently-asked-questions\">Internet Explorer<\/a><\/p>\n<p><a href=\"https:\/\/support.google.com\/chrome\/answer\/95647?hl=sl\">Google Chrome<\/a><\/p>\n<p><a href=\"http:\/\/support.mozilla.org\/sl\/kb\/cookies-information-websites-store-on-your-computer\">Mozilla Firefox<\/a><\/p>\n<p><a href=\"http:\/\/www.apple.com\/support\/safari\/\">Safari<\/a><\/p>\n<p><a href=\"http:\/\/www.opera.com\/browser\/tutorials\/security\/privacy\/\">Opera<\/a><\/p>\n","protected":false},"excerpt":{"rendered":"<p>Kaj so pi\u0161kotki in zakaj so potrebni? Pi\u0161kotek je kratko besedilo, ki ga spletno mesto ob va\u0161em obisku na\u0161e strani po\u0161lje brskalniku. Tako vas spletna stran prepozna, si z njim zapomni podatke o va\u0161em obisku, prijavi in druge nastavitve. Zato je va\u0161 naslednji obisk spletne strani bolj prijazen in la\u017eji. Pi\u0161kotki imajo pomembno vlogo, uporaba spleta bi brez njih bila manj prijetna. S pomo\u010djo pi\u0161kotkov prilagajamo vsebino na\u0161e strani, bele\u017eimo obisk strani, \u0161tejemo, koliko obiskovalcev ima posamezna stran, varujemo va\u0161e podatke in si zapomnimo va\u0161e preference in nastavitve. Brskanje po na\u0161i strani je s pi\u0161kotki prijetnej\u0161e, hitrej\u0161e in predvsem u\u010dinkovitej\u0161e. Vrste pi\u0161kotkov, ki jih uporabljamo V va\u0161em brskalniku so lahko shranjeni nekateri od pi\u0161kotkov, opisanih spodaj, ali vse vrste pi\u0161kotkov. &nbsp; Ime pi\u0161kotka Namen \u010cas pi\u0161kotka Vir pll_language Ta pi\u0161kotek je nastavljen s strani Polyland vti\u010dnika, ki si shrani preferenco uporabnika glede jezika spletne strani. 1 leto Funkcijski cookielawinfo-checkbox-necessary Ta pi\u0161kotek nastavi vti\u010dnik GDPR Cookie Consent. Pi\u0161kotek se uporabljajo za shranjevanje soglasja uporabnika za pi\u0161kotke v kategoriji \u201cnujni\u201d. 1 leto 0 cookielawinfo-checkbox-non-necessary\u00a0 Ta pi\u0161kotek nastavi vti\u010dnik GDPR Cookie Consent. Pi\u0161kotek se uporabljajo za shranjevanje soglasja uporabnika za pi\u0161kotke v kategoriji \u201cne-nujni\u201d. 1 leto 0 \u00a0 Nastavitve pi\u0161kotkov Vsak uporabnik ima popoln nadzor nad pi\u0161kotki in vedno lahko tako sam odlo\u010di, ali bo dovolil shranjevanje pi\u0161kotkov na svoji napravi. Preference uporab pi\u0161kotkov lahko nastavite tudi v va\u0161em izbranem brskalniku. Internet Explorer Google Chrome Mozilla Firefox Safari Opera<\/p>\n","protected":false},"author":1,"featured_media":0,"parent":0,"menu_order":0,"comment_status":"closed","ping_status":"closed","template":"","meta":[],"_links":{"self":[{"href":"https:\/\/meetthelocals.si\/sl\/wp-json\/wp\/v2\/pages\/2759"}],"collection":[{"href":"https:\/\/meetthelocals.si\/sl\/wp-json\/wp\/v2\/pages"}],"about":[{"href":"https:\/\/meetthelocals.si\/sl\/wp-json\/wp\/v2\/types\/page"}],"author":[{"embeddable":true,"href":"https:\/\/meetthelocals.si\/sl\/wp-json\/wp\/v2\/users\/1"}],"replies":[{"embeddable":true,"href":"https:\/\/meetthelocals.si\/sl\/wp-json\/wp\/v2\/comments?post=2759"}],"version-history":[{"count":5,"href":"https:\/\/meetthelocals.si\/sl\/wp-json\/wp\/v2\/pages\/2759\/revisions"}],"predecessor-version":[{"id":4043,"href":"https:\/\/meetthelocals.si\/sl\/wp-json\/wp\/v2\/pages\/2759\/revisions\/4043"}],"wp:attachment":[{"href":"https:\/\/meetthelocals.si\/sl\/wp-json\/wp\/v2\/media?parent=2759"}],"curies":[{"name":"wp","href":"https:\/\/api.w.org\/{rel}","templated":true}]}}