{"id":16,"date":"2021-11-20T16:55:24","date_gmt":"2021-11-20T15:55:24","guid":{"rendered":"https:\/\/meetthelocals.si\/?page_id=16"},"modified":"2023-10-28T18:08:02","modified_gmt":"2023-10-28T17:08:02","slug":"o-nas","status":"publish","type":"page","link":"https:\/\/meetthelocals.si\/sl\/o-nas\/","title":{"rendered":"O nas"},"content":{"rendered":"<p>[vc_row full_width=&#8221;stretch_row&#8221; background_color=&#8221;custom&#8221; lg_spacing=&#8221;margin_bottom:30;padding_top:0;padding_bottom:100&#8243; custom_background_color=&#8221;#deecf0&#8243;][vc_column md_spacing=&#8221;padding_top:50&#8243; sm_spacing=&#8221;padding_top:70&#8243; xs_spacing=&#8221;padding_top:70&#8243;][tm_heading tag=&#8221;div&#8221; custom_google_font=&#8221;&#8221; align=&#8221;center&#8221; text=&#8221;Z navdihom, izku\u0161njami in posluhom za vase \u017eelje vam lahko pomagamo do\u017eiveti nepozabne<br \/>\nspomine na lepote Slovenije in krajev v regiji Alpe-Adria. Skozi leta smo spletli ogromno mre\u017eo<br \/>\npartnerjev, ki nam pomagajo pri ustvarjanju do\u017eivetij na\u0161ih cenjenih gostov in gostij. Odprti smo<br \/>\nza vse ideje in predloge in verjamemo, da vam bo z nami lepo in se lep\u0161e.&#8221;][\/vc_column][\/vc_row][vc_row][vc_column][tm_spacer size=&#8221;lg:100&#8243;][tm_heading custom_google_font=&#8221;&#8221; align=&#8221;center&#8221; text=&#8221;Spoznajte ekipo&#8221;][tm_spacer size=&#8221;lg:30&#8243;][tm_heading tag=&#8221;div&#8221; custom_google_font=&#8221;&#8221; align=&#8221;center&#8221; text=&#8221;Na potovanju veliko ve\u010d izveste in do\u017eivite,<br \/>\nko s seboj vzamete profesionalnega turisti\u010dnega vodi\u010da.&#8221;][tm_spacer size=&#8221;sm:50;lg:100&#8243;][\/vc_column][\/vc_row][vc_row][vc_column width=&#8221;1\/3&#8243; lg_spacing=&#8221;margin_top:35&#8243; md_spacing=&#8221;margin_top:35&#8243; sm_spacing=&#8221;margin_top:35&#8243; xs_spacing=&#8221;margin_top:35&#8243;][tm_team_member style=&#8221;04&#8243; social_networks=&#8221;%5B%7B%22icon_type%22%3A%22fontawesome5%22%2C%22icon_fontawesome5%22%3A%22fab%20fa-facebook%22%2C%22icon_ion%22%3A%22ion-alert%22%2C%22icon_linea%22%3A%22linea-arrows-anticlockwise%22%2C%22icon_linea_svg%22%3A%22linea-arrows-anticlockwise%22%2C%22link%22%3A%22%23%22%2C%22title%22%3A%22Facebook%22%7D%2C%7B%22icon_type%22%3A%22fontawesome5%22%2C%22icon_fontawesome5%22%3A%22fab%20fa-twitter%22%2C%22icon_ion%22%3A%22ion-alert%22%2C%22icon_linea%22%3A%22linea-arrows-anticlockwise%22%2C%22icon_linea_svg%22%3A%22linea-arrows-anticlockwise%22%2C%22link%22%3A%22%23%22%2C%22title%22%3A%22Twitter%22%7D%2C%7B%22icon_type%22%3A%22fontawesome5%22%2C%22icon_fontawesome5%22%3A%22fab%20fa-instagram%22%2C%22icon_ion%22%3A%22ion-alert%22%2C%22icon_linea%22%3A%22linea-arrows-anticlockwise%22%2C%22icon_linea_svg%22%3A%22linea-arrows-anticlockwise%22%2C%22link%22%3A%22%23%22%2C%22title%22%3A%22Instagram%22%7D%5D&#8221; photo=&#8221;3746&#8243; name=&#8221;Mateja&#8221; position=&#8221;Organizatorka &amp; turisti\u010dna vodnica&#8221;][\/vc_column][vc_column width=&#8221;1\/3&#8243; md_spacing=&#8221;margin_top:35&#8243; sm_spacing=&#8221;margin_top:35&#8243; xs_spacing=&#8221;margin_top:35&#8243; lg_spacing=&#8221;margin_top:35&#8243;][tm_team_member style=&#8221;04&#8243; social_networks=&#8221;%5B%7B%22icon_type%22%3A%22fontawesome5%22%2C%22icon_fontawesome5%22%3A%22fab%20fa-facebook%22%2C%22icon_ion%22%3A%22ion-alert%22%2C%22icon_linea%22%3A%22linea-arrows-anticlockwise%22%2C%22icon_linea_svg%22%3A%22linea-arrows-anticlockwise%22%2C%22link%22%3A%22%23%22%2C%22title%22%3A%22Facebook%22%7D%2C%7B%22icon_type%22%3A%22fontawesome5%22%2C%22icon_fontawesome5%22%3A%22fab%20fa-twitter%22%2C%22icon_ion%22%3A%22ion-alert%22%2C%22icon_linea%22%3A%22linea-arrows-anticlockwise%22%2C%22icon_linea_svg%22%3A%22linea-arrows-anticlockwise%22%2C%22link%22%3A%22%23%22%2C%22title%22%3A%22Twitter%22%7D%2C%7B%22icon_type%22%3A%22fontawesome5%22%2C%22icon_fontawesome5%22%3A%22fab%20fa-instagram%22%2C%22icon_ion%22%3A%22ion-alert%22%2C%22icon_linea%22%3A%22linea-arrows-anticlockwise%22%2C%22icon_linea_svg%22%3A%22linea-arrows-anticlockwise%22%2C%22link%22%3A%22%23%22%2C%22title%22%3A%22Instagram%22%7D%5D&#8221; photo=&#8221;3737&#8243; name=&#8221;Blanka&#8221; position=&#8221;Fotografinja &amp; podpora za vse dogodke&#8221;][\/vc_column][vc_column width=&#8221;1\/3&#8243; md_spacing=&#8221;margin_top:35&#8243; sm_spacing=&#8221;margin_top:35&#8243; xs_spacing=&#8221;margin_top:35&#8243; lg_spacing=&#8221;margin_top:35&#8243;][tm_team_member style=&#8221;04&#8243; social_networks=&#8221;%5B%7B%22icon_type%22%3A%22fontawesome5%22%2C%22icon_fontawesome5%22%3A%22fab%20fa-facebook%22%2C%22icon_ion%22%3A%22ion-alert%22%2C%22icon_linea%22%3A%22linea-arrows-anticlockwise%22%2C%22icon_linea_svg%22%3A%22linea-arrows-anticlockwise%22%2C%22link%22%3A%22%23%22%2C%22title%22%3A%22Facebook%22%7D%2C%7B%22icon_type%22%3A%22fontawesome5%22%2C%22icon_fontawesome5%22%3A%22fab%20fa-twitter%22%2C%22icon_ion%22%3A%22ion-alert%22%2C%22icon_linea%22%3A%22linea-arrows-anticlockwise%22%2C%22icon_linea_svg%22%3A%22linea-arrows-anticlockwise%22%2C%22link%22%3A%22%23%22%2C%22title%22%3A%22Twitter%22%7D%2C%7B%22icon_type%22%3A%22fontawesome5%22%2C%22icon_fontawesome5%22%3A%22fab%20fa-instagram%22%2C%22icon_ion%22%3A%22ion-alert%22%2C%22icon_linea%22%3A%22linea-arrows-anticlockwise%22%2C%22icon_linea_svg%22%3A%22linea-arrows-anticlockwise%22%2C%22link%22%3A%22%23%22%2C%22title%22%3A%22Instagram%22%7D%5D&#8221; photo=&#8221;3755&#8243; name=&#8221;Marko&#8221; position=&#8221;Logistik &amp; navdu\u0161enec nad naravo&#8221;][\/vc_column][\/vc_row][vc_row][vc_column][tm_spacer size=&#8221;xs:20;sm:20;md:20;lg:70&#8243;][\/vc_column][\/vc_row][vc_row][vc_column width=&#8221;1\/3&#8243; lg_spacing=&#8221;margin_top:35&#8243; md_spacing=&#8221;margin_top:35&#8243; sm_spacing=&#8221;margin_top:35&#8243; xs_spacing=&#8221;margin_top:35&#8243;][tm_team_member style=&#8221;04&#8243; social_networks=&#8221;%5B%7B%22icon_type%22%3A%22fontawesome5%22%2C%22icon_fontawesome5%22%3A%22fab%20fa-facebook%22%2C%22icon_ion%22%3A%22ion-alert%22%2C%22icon_linea%22%3A%22linea-arrows-anticlockwise%22%2C%22icon_linea_svg%22%3A%22linea-arrows-anticlockwise%22%2C%22link%22%3A%22%23%22%2C%22title%22%3A%22Facebook%22%7D%2C%7B%22icon_type%22%3A%22fontawesome5%22%2C%22icon_fontawesome5%22%3A%22fab%20fa-twitter%22%2C%22icon_ion%22%3A%22ion-alert%22%2C%22icon_linea%22%3A%22linea-arrows-anticlockwise%22%2C%22icon_linea_svg%22%3A%22linea-arrows-anticlockwise%22%2C%22link%22%3A%22%23%22%2C%22title%22%3A%22Twitter%22%7D%2C%7B%22icon_type%22%3A%22fontawesome5%22%2C%22icon_fontawesome5%22%3A%22fab%20fa-instagram%22%2C%22icon_ion%22%3A%22ion-alert%22%2C%22icon_linea%22%3A%22linea-arrows-anticlockwise%22%2C%22icon_linea_svg%22%3A%22linea-arrows-anticlockwise%22%2C%22link%22%3A%22%23%22%2C%22title%22%3A%22Instagram%22%7D%5D&#8221; photo=&#8221;3743&#8243; name=&#8221;Maurizio&#8221; position=&#8221;Turisti\u010dni vodnik &amp; animator&#8221;][\/vc_column][vc_column width=&#8221;1\/3&#8243; lg_spacing=&#8221;margin_top:35&#8243; md_spacing=&#8221;margin_top:35&#8243; sm_spacing=&#8221;margin_top:35&#8243; xs_spacing=&#8221;margin_top:35&#8243;][tm_team_member style=&#8221;04&#8243; social_networks=&#8221;%5B%7B%22icon_type%22%3A%22fontawesome5%22%2C%22icon_fontawesome5%22%3A%22fab%20fa-facebook%22%2C%22icon_ion%22%3A%22ion-alert%22%2C%22icon_linea%22%3A%22linea-arrows-anticlockwise%22%2C%22icon_linea_svg%22%3A%22linea-arrows-anticlockwise%22%2C%22link%22%3A%22%23%22%2C%22title%22%3A%22Facebook%22%7D%2C%7B%22icon_type%22%3A%22fontawesome5%22%2C%22icon_fontawesome5%22%3A%22fab%20fa-twitter%22%2C%22icon_ion%22%3A%22ion-alert%22%2C%22icon_linea%22%3A%22linea-arrows-anticlockwise%22%2C%22icon_linea_svg%22%3A%22linea-arrows-anticlockwise%22%2C%22link%22%3A%22%23%22%2C%22title%22%3A%22Twitter%22%7D%2C%7B%22icon_type%22%3A%22fontawesome5%22%2C%22icon_fontawesome5%22%3A%22fab%20fa-instagram%22%2C%22icon_ion%22%3A%22ion-alert%22%2C%22icon_linea%22%3A%22linea-arrows-anticlockwise%22%2C%22icon_linea_svg%22%3A%22linea-arrows-anticlockwise%22%2C%22link%22%3A%22%23%22%2C%22title%22%3A%22Instagram%22%7D%5D&#8221; photo=&#8221;3752&#8243; name=&#8221;Norman&#8221; position=&#8221;Turisti\u010dni vodnik &amp; kolesarski vodnik&#8221;][tm_spacer size=&#8221;xs:0;sm:0;md:0;lg:100&#8243;][\/vc_column][vc_column width=&#8221;1\/3&#8243; lg_spacing=&#8221;margin_top:35&#8243; md_spacing=&#8221;margin_top:35&#8243; sm_spacing=&#8221;margin_top:35&#8243; xs_spacing=&#8221;margin_top:35&#8243;][tm_team_member style=&#8221;04&#8243; social_networks=&#8221;%5B%7B%22icon_type%22%3A%22fontawesome5%22%2C%22icon_fontawesome5%22%3A%22fab%20fa-facebook%22%2C%22icon_ion%22%3A%22ion-alert%22%2C%22icon_linea%22%3A%22linea-arrows-anticlockwise%22%2C%22icon_linea_svg%22%3A%22linea-arrows-anticlockwise%22%2C%22link%22%3A%22%23%22%2C%22title%22%3A%22Facebook%22%7D%2C%7B%22icon_type%22%3A%22fontawesome5%22%2C%22icon_fontawesome5%22%3A%22fab%20fa-twitter%22%2C%22icon_ion%22%3A%22ion-alert%22%2C%22icon_linea%22%3A%22linea-arrows-anticlockwise%22%2C%22icon_linea_svg%22%3A%22linea-arrows-anticlockwise%22%2C%22link%22%3A%22%23%22%2C%22title%22%3A%22Twitter%22%7D%2C%7B%22icon_type%22%3A%22fontawesome5%22%2C%22icon_fontawesome5%22%3A%22fab%20fa-instagram%22%2C%22icon_ion%22%3A%22ion-alert%22%2C%22icon_linea%22%3A%22linea-arrows-anticlockwise%22%2C%22icon_linea_svg%22%3A%22linea-arrows-anticlockwise%22%2C%22link%22%3A%22%23%22%2C%22title%22%3A%22Instagram%22%7D%5D&#8221; photo=&#8221;3749&#8243; name=&#8221;Roman&#8221; position=&#8221;Turisti\u010dni vodnik &amp; gorski poznavalec&#8221;][\/vc_column][\/vc_row][vc_row full_width=&#8221;stretch_row_content&#8221; equal_height=&#8221;yes&#8221; background_color=&#8221;custom&#8221; custom_background_color=&#8221;#deecf0&#8243; lg_spacing=&#8221;margin_top:40&#8243;][vc_column width=&#8221;1\/2&#8243; background_image=&#8221;2798&#8243; el_class=&#8221;mobile-full-width&#8221;][\/vc_column][vc_column width=&#8221;1\/2&#8243; background_color=&#8221;custom&#8221; lg_spacing=&#8221;padding_top:100;padding_right:150;padding_bottom:100;padding_left:150&#8243; custom_background_color=&#8221;#deecf0&#8243; md_spacing=&#8221;padding_right:60;padding_left:60&#8243; sm_spacing=&#8221;padding_right:30;padding_left:30&#8243;][tm_heading custom_google_font=&#8221;&#8221; align=&#8221;center&#8221; text=&#8221;Storitve&#8221;][tm_spacer size=&#8221;lg:30&#8243;][tm_heading tag=&#8221;div&#8221; custom_google_font=&#8221;&#8221; align=&#8221;center&#8221; text=&#8221;Celostno organiziramo turisti\u010dne pakete prilagojene \u017eeljam in zahtevam gostov, vklju\u010dujo\u010d prevoze, vse z namenom nepozabnih do\u017eivetij. &#8220;Meet the locals&#8220; je popotni\u0161ka vizija Mateje Kefer, ustvarjena v letu 2014 v dinami\u010dnem sodelovanju s partnerskimi turisti\u010dnimi vodi\u010di in prijatelji. Obo\u017eujemo na\u0161o domovino, hkrati pa smo tudi svetovni popotniki s spomini, utrinki in izku\u0161njami iz vseh kontinentov. Vedno znova in znova na\u010drtujemo aktivnosti, ki vam pribli\u017eajo naravo in do\u017eivetja na prostem.&#8221;][tm_spacer size=&#8221;lg:30&#8243;][tm_heading tag=&#8221;div&#8221; custom_google_font=&#8221;&#8221; align=&#8221;center&#8221; text=&#8221;NOVO: organizacija teambuildingov!&#8221;][tm_spacer size=&#8221;lg:30&#8243;][tm_heading tag=&#8221;div&#8221; custom_google_font=&#8221;&#8221; align=&#8221;center&#8221; text=&#8221;Vedno dobrodo\u0161li!<br \/>\nMateja &amp; ekipa Meet the locals&#8221;][\/vc_column][\/vc_row][vc_row][vc_column][tm_spacer size=&#8221;lg:100&#8243;][\/vc_column][\/vc_row][vc_row lg_spacing=&#8221;margin_top:50&#8243;][vc_column][tm_heading custom_google_font=&#8221;&#8221; align=&#8221;center&#8221; text=&#8221;Na\u0161i partnerji nastanitev&#8221;][tm_spacer size=&#8221;lg:50&#8243;][tm_client effect=&#8221;move-up&#8221; gutter=&#8221;40&#8243; loop=&#8221;&#8221; auto_play=&#8221;5000&#8243; items_display=&#8221;xs:2;sm:3;md:3;lg:3&#8243; items=&#8221;%5B%7B%22image%22%3A%223777%22%2C%22link%22%3A%22Link%22%7D%2C%7B%22image%22%3A%223863%22%2C%22link%22%3A%22Link%22%7D%2C%7B%22image%22%3A%223774%22%2C%22link%22%3A%22Link%22%7D%5D&#8221;][tm_spacer size=&#8221;lg:100&#8243;][\/vc_column][\/vc_row]<\/p>\n","protected":false},"excerpt":{"rendered":"<p>[vc_row full_width=&#8221;stretch_row&#8221; background_color=&#8221;custom&#8221; lg_spacing=&#8221;margin_bottom:30;padding_top:0;padding_bottom:100&#8243; custom_background_color=&#8221;#deecf0&#8243;][vc_column md_spacing=&#8221;padding_top:50&#8243; sm_spacing=&#8221;padding_top:70&#8243; xs_spacing=&#8221;padding_top:70&#8243;][tm_heading tag=&#8221;div&#8221; custom_google_font=&#8221;&#8221; align=&#8221;center&#8221; text=&#8221;Z navdihom, izku\u0161njami in posluhom za vase \u017eelje vam lahko pomagamo do\u017eiveti nepozabne spomine na lepote Slovenije in krajev v regiji Alpe-Adria. Skozi leta smo spletli ogromno mre\u017eo partnerjev, ki nam pomagajo pri ustvarjanju do\u017eivetij na\u0161ih cenjenih gostov in gostij. Odprti smo za vse ideje in predloge in verjamemo, da vam bo z nami lepo in se lep\u0161e.&#8221;][\/vc_column][\/vc_row][vc_row][vc_column][tm_spacer size=&#8221;lg:100&#8243;][tm_heading custom_google_font=&#8221;&#8221; align=&#8221;center&#8221; text=&#8221;Spoznajte ekipo&#8221;][tm_spacer size=&#8221;lg:30&#8243;][tm_heading tag=&#8221;div&#8221; custom_google_font=&#8221;&#8221; align=&#8221;center&#8221; text=&#8221;Na potovanju veliko ve\u010d izveste in do\u017eivite, ko s seboj vzamete profesionalnega turisti\u010dnega vodi\u010da.&#8221;][tm_spacer size=&#8221;sm:50;lg:100&#8243;][\/vc_column][\/vc_row][vc_row][vc_column width=&#8221;1\/3&#8243; lg_spacing=&#8221;margin_top:35&#8243; md_spacing=&#8221;margin_top:35&#8243; sm_spacing=&#8221;margin_top:35&#8243; xs_spacing=&#8221;margin_top:35&#8243;][tm_team_member style=&#8221;04&#8243; social_networks=&#8221;%5B%7B%22icon_type%22%3A%22fontawesome5%22%2C%22icon_fontawesome5%22%3A%22fab%20fa-facebook%22%2C%22icon_ion%22%3A%22ion-alert%22%2C%22icon_linea%22%3A%22linea-arrows-anticlockwise%22%2C%22icon_linea_svg%22%3A%22linea-arrows-anticlockwise%22%2C%22link%22%3A%22%23%22%2C%22title%22%3A%22Facebook%22%7D%2C%7B%22icon_type%22%3A%22fontawesome5%22%2C%22icon_fontawesome5%22%3A%22fab%20fa-twitter%22%2C%22icon_ion%22%3A%22ion-alert%22%2C%22icon_linea%22%3A%22linea-arrows-anticlockwise%22%2C%22icon_linea_svg%22%3A%22linea-arrows-anticlockwise%22%2C%22link%22%3A%22%23%22%2C%22title%22%3A%22Twitter%22%7D%2C%7B%22icon_type%22%3A%22fontawesome5%22%2C%22icon_fontawesome5%22%3A%22fab%20fa-instagram%22%2C%22icon_ion%22%3A%22ion-alert%22%2C%22icon_linea%22%3A%22linea-arrows-anticlockwise%22%2C%22icon_linea_svg%22%3A%22linea-arrows-anticlockwise%22%2C%22link%22%3A%22%23%22%2C%22title%22%3A%22Instagram%22%7D%5D&#8221; photo=&#8221;3746&#8243; name=&#8221;Mateja&#8221; position=&#8221;Organizatorka &amp; turisti\u010dna vodnica&#8221;][\/vc_column][vc_column width=&#8221;1\/3&#8243; md_spacing=&#8221;margin_top:35&#8243; sm_spacing=&#8221;margin_top:35&#8243; xs_spacing=&#8221;margin_top:35&#8243; lg_spacing=&#8221;margin_top:35&#8243;][tm_team_member style=&#8221;04&#8243; social_networks=&#8221;%5B%7B%22icon_type%22%3A%22fontawesome5%22%2C%22icon_fontawesome5%22%3A%22fab%20fa-facebook%22%2C%22icon_ion%22%3A%22ion-alert%22%2C%22icon_linea%22%3A%22linea-arrows-anticlockwise%22%2C%22icon_linea_svg%22%3A%22linea-arrows-anticlockwise%22%2C%22link%22%3A%22%23%22%2C%22title%22%3A%22Facebook%22%7D%2C%7B%22icon_type%22%3A%22fontawesome5%22%2C%22icon_fontawesome5%22%3A%22fab%20fa-twitter%22%2C%22icon_ion%22%3A%22ion-alert%22%2C%22icon_linea%22%3A%22linea-arrows-anticlockwise%22%2C%22icon_linea_svg%22%3A%22linea-arrows-anticlockwise%22%2C%22link%22%3A%22%23%22%2C%22title%22%3A%22Twitter%22%7D%2C%7B%22icon_type%22%3A%22fontawesome5%22%2C%22icon_fontawesome5%22%3A%22fab%20fa-instagram%22%2C%22icon_ion%22%3A%22ion-alert%22%2C%22icon_linea%22%3A%22linea-arrows-anticlockwise%22%2C%22icon_linea_svg%22%3A%22linea-arrows-anticlockwise%22%2C%22link%22%3A%22%23%22%2C%22title%22%3A%22Instagram%22%7D%5D&#8221; photo=&#8221;3737&#8243; name=&#8221;Blanka&#8221; position=&#8221;Fotografinja &amp; podpora za vse dogodke&#8221;][\/vc_column][vc_column width=&#8221;1\/3&#8243; md_spacing=&#8221;margin_top:35&#8243; sm_spacing=&#8221;margin_top:35&#8243; xs_spacing=&#8221;margin_top:35&#8243; lg_spacing=&#8221;margin_top:35&#8243;][tm_team_member style=&#8221;04&#8243; social_networks=&#8221;%5B%7B%22icon_type%22%3A%22fontawesome5%22%2C%22icon_fontawesome5%22%3A%22fab%20fa-facebook%22%2C%22icon_ion%22%3A%22ion-alert%22%2C%22icon_linea%22%3A%22linea-arrows-anticlockwise%22%2C%22icon_linea_svg%22%3A%22linea-arrows-anticlockwise%22%2C%22link%22%3A%22%23%22%2C%22title%22%3A%22Facebook%22%7D%2C%7B%22icon_type%22%3A%22fontawesome5%22%2C%22icon_fontawesome5%22%3A%22fab%20fa-twitter%22%2C%22icon_ion%22%3A%22ion-alert%22%2C%22icon_linea%22%3A%22linea-arrows-anticlockwise%22%2C%22icon_linea_svg%22%3A%22linea-arrows-anticlockwise%22%2C%22link%22%3A%22%23%22%2C%22title%22%3A%22Twitter%22%7D%2C%7B%22icon_type%22%3A%22fontawesome5%22%2C%22icon_fontawesome5%22%3A%22fab%20fa-instagram%22%2C%22icon_ion%22%3A%22ion-alert%22%2C%22icon_linea%22%3A%22linea-arrows-anticlockwise%22%2C%22icon_linea_svg%22%3A%22linea-arrows-anticlockwise%22%2C%22link%22%3A%22%23%22%2C%22title%22%3A%22Instagram%22%7D%5D&#8221; photo=&#8221;3755&#8243; name=&#8221;Marko&#8221; position=&#8221;Logistik &amp; navdu\u0161enec nad naravo&#8221;][\/vc_column][\/vc_row][vc_row][vc_column][tm_spacer size=&#8221;xs:20;sm:20;md:20;lg:70&#8243;][\/vc_column][\/vc_row][vc_row][vc_column width=&#8221;1\/3&#8243; lg_spacing=&#8221;margin_top:35&#8243; md_spacing=&#8221;margin_top:35&#8243; sm_spacing=&#8221;margin_top:35&#8243; xs_spacing=&#8221;margin_top:35&#8243;][tm_team_member style=&#8221;04&#8243; social_networks=&#8221;%5B%7B%22icon_type%22%3A%22fontawesome5%22%2C%22icon_fontawesome5%22%3A%22fab%20fa-facebook%22%2C%22icon_ion%22%3A%22ion-alert%22%2C%22icon_linea%22%3A%22linea-arrows-anticlockwise%22%2C%22icon_linea_svg%22%3A%22linea-arrows-anticlockwise%22%2C%22link%22%3A%22%23%22%2C%22title%22%3A%22Facebook%22%7D%2C%7B%22icon_type%22%3A%22fontawesome5%22%2C%22icon_fontawesome5%22%3A%22fab%20fa-twitter%22%2C%22icon_ion%22%3A%22ion-alert%22%2C%22icon_linea%22%3A%22linea-arrows-anticlockwise%22%2C%22icon_linea_svg%22%3A%22linea-arrows-anticlockwise%22%2C%22link%22%3A%22%23%22%2C%22title%22%3A%22Twitter%22%7D%2C%7B%22icon_type%22%3A%22fontawesome5%22%2C%22icon_fontawesome5%22%3A%22fab%20fa-instagram%22%2C%22icon_ion%22%3A%22ion-alert%22%2C%22icon_linea%22%3A%22linea-arrows-anticlockwise%22%2C%22icon_linea_svg%22%3A%22linea-arrows-anticlockwise%22%2C%22link%22%3A%22%23%22%2C%22title%22%3A%22Instagram%22%7D%5D&#8221; photo=&#8221;3743&#8243; name=&#8221;Maurizio&#8221; position=&#8221;Turisti\u010dni vodnik &amp; animator&#8221;][\/vc_column][vc_column width=&#8221;1\/3&#8243; lg_spacing=&#8221;margin_top:35&#8243; md_spacing=&#8221;margin_top:35&#8243; sm_spacing=&#8221;margin_top:35&#8243; xs_spacing=&#8221;margin_top:35&#8243;][tm_team_member style=&#8221;04&#8243; social_networks=&#8221;%5B%7B%22icon_type%22%3A%22fontawesome5%22%2C%22icon_fontawesome5%22%3A%22fab%20fa-facebook%22%2C%22icon_ion%22%3A%22ion-alert%22%2C%22icon_linea%22%3A%22linea-arrows-anticlockwise%22%2C%22icon_linea_svg%22%3A%22linea-arrows-anticlockwise%22%2C%22link%22%3A%22%23%22%2C%22title%22%3A%22Facebook%22%7D%2C%7B%22icon_type%22%3A%22fontawesome5%22%2C%22icon_fontawesome5%22%3A%22fab%20fa-twitter%22%2C%22icon_ion%22%3A%22ion-alert%22%2C%22icon_linea%22%3A%22linea-arrows-anticlockwise%22%2C%22icon_linea_svg%22%3A%22linea-arrows-anticlockwise%22%2C%22link%22%3A%22%23%22%2C%22title%22%3A%22Twitter%22%7D%2C%7B%22icon_type%22%3A%22fontawesome5%22%2C%22icon_fontawesome5%22%3A%22fab%20fa-instagram%22%2C%22icon_ion%22%3A%22ion-alert%22%2C%22icon_linea%22%3A%22linea-arrows-anticlockwise%22%2C%22icon_linea_svg%22%3A%22linea-arrows-anticlockwise%22%2C%22link%22%3A%22%23%22%2C%22title%22%3A%22Instagram%22%7D%5D&#8221; photo=&#8221;3752&#8243; name=&#8221;Norman&#8221; position=&#8221;Turisti\u010dni vodnik &amp; kolesarski vodnik&#8221;][tm_spacer size=&#8221;xs:0;sm:0;md:0;lg:100&#8243;][\/vc_column][vc_column width=&#8221;1\/3&#8243; lg_spacing=&#8221;margin_top:35&#8243; md_spacing=&#8221;margin_top:35&#8243; sm_spacing=&#8221;margin_top:35&#8243; xs_spacing=&#8221;margin_top:35&#8243;][tm_team_member style=&#8221;04&#8243; social_networks=&#8221;%5B%7B%22icon_type%22%3A%22fontawesome5%22%2C%22icon_fontawesome5%22%3A%22fab%20fa-facebook%22%2C%22icon_ion%22%3A%22ion-alert%22%2C%22icon_linea%22%3A%22linea-arrows-anticlockwise%22%2C%22icon_linea_svg%22%3A%22linea-arrows-anticlockwise%22%2C%22link%22%3A%22%23%22%2C%22title%22%3A%22Facebook%22%7D%2C%7B%22icon_type%22%3A%22fontawesome5%22%2C%22icon_fontawesome5%22%3A%22fab%20fa-twitter%22%2C%22icon_ion%22%3A%22ion-alert%22%2C%22icon_linea%22%3A%22linea-arrows-anticlockwise%22%2C%22icon_linea_svg%22%3A%22linea-arrows-anticlockwise%22%2C%22link%22%3A%22%23%22%2C%22title%22%3A%22Twitter%22%7D%2C%7B%22icon_type%22%3A%22fontawesome5%22%2C%22icon_fontawesome5%22%3A%22fab%20fa-instagram%22%2C%22icon_ion%22%3A%22ion-alert%22%2C%22icon_linea%22%3A%22linea-arrows-anticlockwise%22%2C%22icon_linea_svg%22%3A%22linea-arrows-anticlockwise%22%2C%22link%22%3A%22%23%22%2C%22title%22%3A%22Instagram%22%7D%5D&#8221; photo=&#8221;3749&#8243; name=&#8221;Roman&#8221; position=&#8221;Turisti\u010dni vodnik &amp; gorski poznavalec&#8221;][\/vc_column][\/vc_row][vc_row full_width=&#8221;stretch_row_content&#8221; equal_height=&#8221;yes&#8221; background_color=&#8221;custom&#8221; custom_background_color=&#8221;#deecf0&#8243; lg_spacing=&#8221;margin_top:40&#8243;][vc_column width=&#8221;1\/2&#8243; background_image=&#8221;2798&#8243; el_class=&#8221;mobile-full-width&#8221;][\/vc_column][vc_column width=&#8221;1\/2&#8243; background_color=&#8221;custom&#8221; lg_spacing=&#8221;padding_top:100;padding_right:150;padding_bottom:100;padding_left:150&#8243; custom_background_color=&#8221;#deecf0&#8243; md_spacing=&#8221;padding_right:60;padding_left:60&#8243; sm_spacing=&#8221;padding_right:30;padding_left:30&#8243;][tm_heading custom_google_font=&#8221;&#8221; align=&#8221;center&#8221; text=&#8221;Storitve&#8221;][tm_spacer size=&#8221;lg:30&#8243;][tm_heading tag=&#8221;div&#8221; custom_google_font=&#8221;&#8221; align=&#8221;center&#8221; text=&#8221;Celostno organiziramo turisti\u010dne pakete prilagojene \u017eeljam in zahtevam gostov, vklju\u010dujo\u010d prevoze, vse z namenom nepozabnih do\u017eivetij. &#8220;Meet the locals&#8220; je popotni\u0161ka vizija Mateje Kefer, ustvarjena v letu 2014 v dinami\u010dnem sodelovanju s partnerskimi turisti\u010dnimi vodi\u010di in prijatelji. Obo\u017eujemo na\u0161o domovino, hkrati pa smo tudi svetovni popotniki s spomini, utrinki in izku\u0161njami iz vseh kontinentov. Vedno znova in znova na\u010drtujemo aktivnosti, ki vam pribli\u017eajo naravo in do\u017eivetja na prostem.&#8221;][tm_spacer size=&#8221;lg:30&#8243;][tm_heading tag=&#8221;div&#8221; custom_google_font=&#8221;&#8221; align=&#8221;center&#8221; text=&#8221;NOVO: organizacija teambuildingov!&#8221;][tm_spacer size=&#8221;lg:30&#8243;][tm_heading tag=&#8221;div&#8221; custom_google_font=&#8221;&#8221; align=&#8221;center&#8221; text=&#8221;Vedno dobrodo\u0161li! Mateja &amp; ekipa Meet the locals&#8221;][\/vc_column][\/vc_row][vc_row][vc_column][tm_spacer size=&#8221;lg:100&#8243;][\/vc_column][\/vc_row][vc_row lg_spacing=&#8221;margin_top:50&#8243;][vc_column][tm_heading custom_google_font=&#8221;&#8221; align=&#8221;center&#8221; text=&#8221;Na\u0161i partnerji nastanitev&#8221;][tm_spacer size=&#8221;lg:50&#8243;][tm_client effect=&#8221;move-up&#8221; gutter=&#8221;40&#8243; loop=&#8221;&#8221; auto_play=&#8221;5000&#8243; items_display=&#8221;xs:2;sm:3;md:3;lg:3&#8243; items=&#8221;%5B%7B%22image%22%3A%223777%22%2C%22link%22%3A%22Link%22%7D%2C%7B%22image%22%3A%223863%22%2C%22link%22%3A%22Link%22%7D%2C%7B%22image%22%3A%223774%22%2C%22link%22%3A%22Link%22%7D%5D&#8221;][tm_spacer size=&#8221;lg:100&#8243;][\/vc_column][\/vc_row]<\/p>\n","protected":false},"author":1,"featured_media":0,"parent":0,"menu_order":0,"comment_status":"closed","ping_status":"closed","template":"","meta":[],"_links":{"self":[{"href":"https:\/\/meetthelocals.si\/sl\/wp-json\/wp\/v2\/pages\/16"}],"collection":[{"href":"https:\/\/meetthelocals.si\/sl\/wp-json\/wp\/v2\/pages"}],"about":[{"href":"https:\/\/meetthelocals.si\/sl\/wp-json\/wp\/v2\/types\/page"}],"author":[{"embeddable":true,"href":"https:\/\/meetthelocals.si\/sl\/wp-json\/wp\/v2\/users\/1"}],"replies":[{"embeddable":true,"href":"https:\/\/meetthelocals.si\/sl\/wp-json\/wp\/v2\/comments?post=16"}],"version-history":[{"count":44,"href":"https:\/\/meetthelocals.si\/sl\/wp-json\/wp\/v2\/pages\/16\/revisions"}],"predecessor-version":[{"id":4341,"href":"https:\/\/meetthelocals.si\/sl\/wp-json\/wp\/v2\/pages\/16\/revisions\/4341"}],"wp:attachment":[{"href":"https:\/\/meetthelocals.si\/sl\/wp-json\/wp\/v2\/media?parent=16"}],"curies":[{"name":"wp","href":"https:\/\/api.w.org\/{rel}","templated":true}]}}